{"id":16143,"date":"2024-07-30T09:50:32","date_gmt":"2024-07-30T15:50:32","guid":{"rendered":"https:\/\/anthonyspasteleria.com\/?post_type=product&#038;p=16143"},"modified":"2025-10-30T09:14:52","modified_gmt":"2025-10-30T15:14:52","slug":"tartaleta-de-melocoton-con-cereza","status":"publish","type":"product","link":"https:\/\/anthonyspasteleria.com\/?product=tartaleta-de-melocoton-con-cereza","title":{"rendered":"Tartaleta de melocot\u00f3n con cereza"},"content":{"rendered":"<p>Tambi\u00e9n puedes hacer tus pedidos a trav\u00e9s de nuestro WhatsApp 7985-9408.<\/p>\n","protected":false},"excerpt":{"rendered":"<p>Deliciosa tartaleta de melocot\u00f3n con cereza<\/p>\n","protected":false},"featured_media":16144,"comment_status":"open","ping_status":"closed","template":"","meta":[],"_links":{"self":[{"href":"https:\/\/anthonyspasteleria.com\/index.php?rest_route=\/wp\/v2\/product\/16143"}],"collection":[{"href":"https:\/\/anthonyspasteleria.com\/index.php?rest_route=\/wp\/v2\/product"}],"about":[{"href":"https:\/\/anthonyspasteleria.com\/index.php?rest_route=\/wp\/v2\/types\/product"}],"replies":[{"embeddable":true,"href":"https:\/\/anthonyspasteleria.com\/index.php?rest_route=%2Fwp%2Fv2%2Fcomments&post=16143"}],"wp:featuredmedia":[{"embeddable":true,"href":"https:\/\/anthonyspasteleria.com\/index.php?rest_route=\/wp\/v2\/media\/16144"}],"wp:attachment":[{"href":"https:\/\/anthonyspasteleria.com\/index.php?rest_route=%2Fwp%2Fv2%2Fmedia&parent=16143"}],"curies":[{"name":"wp","href":"https:\/\/api.w.org\/{rel}","templated":true}]}}